{"id":3008,"date":"2019-10-29T10:36:04","date_gmt":"2019-10-29T10:36:04","guid":{"rendered":"https:\/\/sniford.cz\/service-der-amerikanischen-autos-sniford-hradec-kralove\/"},"modified":"2023-02-13T18:12:49","modified_gmt":"2023-02-13T18:12:49","slug":"service-der-amerikanischen-autos-sniford-hradec-kralove","status":"publish","type":"page","link":"https:\/\/sniford.cz\/de\/service-der-amerikanischen-autos-sniford-hradec-kralove\/","title":{"rendered":"Service der amerikanischen Autos-Sniford Hradec Kr\u00e1lov\u00e9"},"content":{"rendered":"<p>[et_pb_section fb_built=&#8220;1&#8243; disabled_on=&#8220;off|off|off&#8220; admin_label=&#8220;Header Section&#8220; _builder_version=&#8220;4.0.3&#8243; use_background_color_gradient=&#8220;on&#8220; background_color_gradient_start=&#8220;rgba(12,12,12,0.5)&#8220; background_color_gradient_end=&#8220;#000000&#8243; background_color_gradient_start_position=&#8220;60%&#8220; background_color_gradient_overlays_image=&#8220;on&#8220; background_image=&#8220;https:\/\/sniford.cz\/wp-content\/uploads\/2019\/10\/hp_banner.jpg&#8220; custom_margin=&#8220;|||&#8220; custom_padding=&#8220;2vw|0px|2vw|0px|true|false&#8220; bottom_divider_color=&#8220;rgba(45,45,45,0.3)&#8220; bottom_divider_height=&#8220;14%&#8220; animation_style=&#8220;slide&#8220; animation_direction=&#8220;top&#8220; animation_intensity_slide=&#8220;4%&#8220; animation_starting_opacity=&#8220;100%&#8220;][et_pb_row disabled_on=&#8220;off|off|off&#8220; admin_label=&#8220;Header Row&#8220; module_class=&#8220; et_pb_row_fullwidth&#8220; _builder_version=&#8220;3.25&#8243; width=&#8220;89%&#8220; width_tablet=&#8220;80%&#8220; width_phone=&#8220;&#8220; width_last_edited=&#8220;on|desktop&#8220; max_width=&#8220;89%&#8220; max_width_tablet=&#8220;80%&#8220; max_width_phone=&#8220;&#8220; max_width_last_edited=&#8220;on|desktop&#8220; custom_padding=&#8220;|||&#8220; animation_style=&#8220;zoom&#8220; animation_intensity_zoom=&#8220;8%&#8220; make_fullwidth=&#8220;on&#8220;][et_pb_column type=&#8220;4_4&#8243; _builder_version=&#8220;3.25&#8243; custom_padding=&#8220;|||&#8220; custom_padding__hover=&#8220;|||&#8220;][et_pb_text admin_label=&#8220;Page Heading &#038; Subhead&#8220; _builder_version=&#8220;4.0.3&#8243; text_font=&#8220;Montserrat||||||||&#8220; text_font_size=&#8220;22px&#8220; text_line_height=&#8220;1.8em&#8220; header_font=&#8220;americorps|||on|||||&#8220; header_text_align=&#8220;center&#8220; header_font_size=&#8220;4vw&#8220; header_line_height=&#8220;1.5em&#8220; text_orientation=&#8220;center&#8220; background_layout=&#8220;dark&#8220; custom_margin=&#8220;|||&#8220; header_font_size_tablet=&#8220;50px&#8220; header_font_size_phone=&#8220;&#8220; header_font_size_last_edited=&#8220;on|desktop&#8220; header_line_height_tablet=&#8220;1.1em&#8220; header_line_height_phone=&#8220;1.2em&#8220; header_line_height_last_edited=&#8220;off|desktop&#8220; text_text_shadow_style=&#8220;preset1&#8243; header_text_shadow_style=&#8220;preset1&#8243; header_text_shadow_color=&#8220;#000000&#8243;]<\/p>\n<h1>Service<\/h1>\n<p>[\/et_pb_text][\/et_pb_column][\/et_pb_row][\/et_pb_section][et_pb_section fb_built=&#8220;1&#8243; use_custom_gutter=&#8220;on&#8220; specialty=&#8220;on&#8220; padding_top_1=&#8220;0px&#8220; padding_top_2=&#8220;80px&#8220; padding_right_2=&#8220;10%&#8220; padding_bottom_2=&#8220;0px&#8220; padding_2_tablet=&#8220;0px|||10%&#8220; padding_2_phone=&#8220;|||&#8220; padding_2_last_edited=&#8220;on|tablet&#8220; admin_label=&#8220;About Section&#8220; _builder_version=&#8220;4.0.3&#8243; background_color=&#8220;#000000&#8243; background_color_gradient_direction=&#8220;90deg&#8220; inner_width=&#8220;100%&#8220; inner_max_width=&#8220;100%&#8220; custom_margin=&#8220;|||&#8220; custom_margin_tablet=&#8220;80px|80px|80px|80px&#8220; custom_margin_last_edited=&#8220;off|desktop&#8220; custom_padding=&#8220;120px|0px|0px|0px||&#8220; animation_style=&#8220;slide&#8220; animation_direction=&#8220;left&#8220; animation_intensity_slide=&#8220;1%&#8220; use_custom_width=&#8220;on&#8220; width_unit=&#8220;off&#8220; custom_width_percent=&#8220;100%&#8220; locked=&#8220;off&#8220;][et_pb_column type=&#8220;1_3&#8243; _builder_version=&#8220;3.25&#8243; custom_padding=&#8220;|||&#8220; custom_padding__hover=&#8220;|||&#8220;][et_pb_image src=&#8220;https:\/\/sniford.cz\/wp-content\/uploads\/2019\/10\/servis_1.jpg&#8220; force_fullwidth=&#8220;on&#8220; align_tablet=&#8220;center&#8220; align_phone=&#8220;&#8220; align_last_edited=&#8220;on|desktop&#8220; disabled_on=&#8220;on|on|off&#8220; _builder_version=&#8220;4.0.3&#8243; custom_margin=&#8220;|||&#8220; custom_margin_tablet=&#8220;|60px||60px&#8220; custom_margin_phone=&#8220;100px|||&#8220; custom_margin_last_edited=&#8220;on|tablet&#8220; custom_padding=&#8220;|||&#8220; animation_style=&#8220;fade&#8220; box_shadow_style=&#8220;preset3&#8243; box_shadow_horizontal=&#8220;40px&#8220; box_shadow_vertical=&#8220;40px&#8220; box_shadow_blur=&#8220;120px&#8220; box_shadow_spread=&#8220;-24px&#8220; box_shadow_color=&#8220;rgba(124,124,124,0.35)&#8220;][\/et_pb_image][et_pb_image src=&#8220;https:\/\/sniford.cz\/wp-content\/uploads\/2019\/11\/servis.jpg&#8220; disabled_on=&#8220;off|off|on&#8220; _builder_version=&#8220;4.0.3&#8243; width=&#8220;80%&#8220; module_alignment=&#8220;center&#8220;][\/et_pb_image][\/et_pb_column][et_pb_column type=&#8220;2_3&#8243; specialty_columns=&#8220;2&#8243; _builder_version=&#8220;3.25&#8243; custom_padding=&#8220;|||&#8220; custom_padding__hover=&#8220;|||&#8220;][et_pb_row_inner custom_padding_last_edited=&#8220;off|desktop&#8220; _builder_version=&#8220;3.25&#8243; max_width=&#8220;800px&#8220; custom_margin=&#8220;|||&#8220; custom_padding=&#8220;|||&#8220; custom_padding_phone=&#8220;|||&#8220; locked=&#8220;off&#8220;][et_pb_column_inner saved_specialty_column_type=&#8220;2_3&#8243; _builder_version=&#8220;3.25&#8243; custom_padding=&#8220;|||&#8220; custom_padding__hover=&#8220;|||&#8220;][et_pb_text admin_label=&#8220;Title&#8220; _builder_version=&#8220;4.0.3&#8243; text_font=&#8220;||||||||&#8220; header_font=&#8220;||||||||&#8220; header_2_font=&#8220;Montserrat||||||||&#8220; header_2_text_color=&#8220;#ffffff&#8220; header_2_font_size=&#8220;35px&#8220; header_2_line_height=&#8220;1.5em&#8220; custom_margin=&#8220;|||&#8220; custom_padding=&#8220;|||&#8220; header_2_font_size_tablet=&#8220;35px&#8220; header_2_font_size_phone=&#8220;35px&#8220; header_2_font_size_last_edited=&#8220;on|phone&#8220; header_2_line_height_tablet=&#8220;1em&#8220; header_2_line_height_phone=&#8220;1.4em&#8220; header_2_line_height_last_edited=&#8220;off|desktop&#8220;]<\/p>\n<h2>Spezialist f\u00fcr Chrysler, Jeep, Dodge und mehr&#8230;<\/h2>\n<p>[\/et_pb_text][et_pb_text admin_label=&#8220;Paragraph&#8220; _builder_version=&#8220;4.0.3&#8243; text_font=&#8220;Montserrat||||||||&#8220; text_text_color=&#8220;#ffffff&#8220; text_font_size=&#8220;16px&#8220; text_line_height=&#8220;2.2em&#8220; header_font=&#8220;||||||||&#8220; custom_margin=&#8220;|||&#8220;]<\/p>\n<p>Regelm\u00e4\u00dfiger Service und Garantieservice f\u00fcr amerikanische Autos. Vorbereitung und Bereitstellung von T\u00dcV und Emissionen, allgemeine Reparaturen aller Teile des Autos, Klempner- und Lackierarbeiten und vieles mehr. Kompletter Reifenservice, Reifenwechsel und Radauswuchten f\u00fcr Autos und SUVs aller Marken.  <\/p>\n<p>Wir haben langj\u00e4hrige Erfahrung mit amerikanischen Autos und deren Service und sind in der Lage, f\u00fcr jedes Teil des Autos einen Service anzubieten, genau passende Ersatzteile zu besorgen und das fertige Auto gereinigt und in einwandfreiem Zustand zu \u00fcbergeben. Aber auch der Service von nicht-amerikanischen Autos ist selbstverst\u00e4ndlich. <\/p>\n<p>Wir sind spezialisiert auf komplexe Reparaturen von Automatikgetrieben.<\/p>\n<p>[\/et_pb_text][\/et_pb_column_inner][\/et_pb_row_inner][\/et_pb_column][\/et_pb_section][et_pb_section fb_built=&#8220;1&#8243; admin_label=&#8220;Pricing Section&#8220; _builder_version=&#8220;4.0.3&#8243; background_color=&#8220;#000000&#8243; custom_padding=&#8220;120px|0px|120px|0px&#8220;][et_pb_row column_structure=&#8220;1_2,1_2&#8243; custom_padding_last_edited=&#8220;off|desktop&#8220; _builder_version=&#8220;4.0.3&#8243; custom_margin=&#8220;|||&#8220; custom_padding=&#8220;|||&#8220; custom_padding_phone=&#8220;|||&#8220; locked=&#8220;off&#8220;][et_pb_column type=&#8220;1_2&#8243; _builder_version=&#8220;3.25&#8243; custom_padding=&#8220;|||&#8220; custom_padding__hover=&#8220;|||&#8220;][dsm_embed_google_map address=&#8220;50.223515, 15.860496&#8243; zoom=&#8220;12&#8243; height=&#8220;300px&#8220; _builder_version=&#8220;4.0.3&#8243; custom_margin=&#8220;0px||0px||true|false&#8220; custom_padding=&#8220;0px||0px|0px|true|false&#8220; link_option_url=&#8220;https:\/\/goo.gl\/maps\/SE8Qf8W2HHNYH7x59&#8243; link_option_url_new_window=&#8220;on&#8220;][\/dsm_embed_google_map][\/et_pb_column][et_pb_column type=&#8220;1_2&#8243; _builder_version=&#8220;3.25&#8243; custom_padding=&#8220;|||&#8220; custom_padding__hover=&#8220;|||&#8220;][et_pb_text admin_label=&#8220;Title&#8220; _builder_version=&#8220;4.0.3&#8243; text_font=&#8220;||||||||&#8220; header_font=&#8220;||||||||&#8220; header_2_font=&#8220;Montserrat||||||||&#8220; header_2_text_color=&#8220;#ffffff&#8220; header_2_font_size=&#8220;35px&#8220; header_2_line_height=&#8220;1.5em&#8220; min_height=&#8220;48px&#8220; custom_margin=&#8220;||0px||false|false&#8220; custom_padding=&#8220;||0px||false|false&#8220; header_2_font_size_tablet=&#8220;35px&#8220; header_2_font_size_phone=&#8220;35px&#8220; header_2_font_size_last_edited=&#8220;on|phone&#8220; header_2_line_height_tablet=&#8220;1em&#8220; header_2_line_height_phone=&#8220;1.4em&#8220; header_2_line_height_last_edited=&#8220;off|desktop&#8220;]<\/p>\n<h2>Wo sind wir<\/h2>\n<p>[\/et_pb_text][et_pb_text admin_label=&#8220;Paragraph&#8220; _builder_version=&#8220;4.0.3&#8243; text_font=&#8220;Montserrat||||||||&#8220; text_text_color=&#8220;#ffffff&#8220; text_font_size=&#8220;16px&#8220; text_line_height=&#8220;2.2em&#8220; header_font=&#8220;||||||||&#8220; header_4_text_color=&#8220;#ffffff&#8220; header_4_font_size=&#8220;20px&#8220; custom_margin=&#8220;|||&#8220;]<\/p>\n<h4><strong>V\u00e1\u017en\u00ed 1138<\/strong><\/h4>\n<p>Slezsk\u00e9 P\u0159edm\u011bst\u00ed 500 03 Hradec Kr\u00e1lov\u00e9[\/et_pb_text][\/et_pb_column][\/et_pb_row][\/et_pb_section][et_pb_section fb_built=&#8220;1&#8243; _builder_version=&#8220;4.0.3&#8243; background_color=&#8220;#000000&#8243; custom_padding=&#8220;|0px|120px|0px&#8220;][et_pb_row _builder_version=&#8220;3.25&#8243;][et_pb_column type=&#8220;4_4&#8243; _builder_version=&#8220;3.25&#8243; custom_padding=&#8220;|||&#8220; custom_padding__hover=&#8220;|||&#8220;][et_pb_text admin_label=&#8220;Section Title&#8220; _builder_version=&#8220;4.0.3&#8243; text_font=&#8220;Montserrat||||||||&#8220; text_font_size=&#8220;18px&#8220; header_font=&#8220;||||||||&#8220; header_line_height=&#8220;1.4em&#8220; header_2_font=&#8220;Montserrat||||||||&#8220; header_2_text_align=&#8220;center&#8220; header_2_text_color=&#8220;#ffffff&#8220; header_2_font_size=&#8220;40px&#8220; header_2_line_height=&#8220;1.5em&#8220; text_orientation=&#8220;center&#8220; custom_margin=&#8220;|||&#8220; custom_padding=&#8220;|||&#8220; text_font_size_tablet=&#8220;16px&#8220; text_font_size_phone=&#8220;16px&#8220; text_font_size_last_edited=&#8220;on|desktop&#8220; locked=&#8220;off&#8220;]<\/p>\n<h2>unser Fachgebiet ist<\/h2>\n<p>[\/et_pb_text][\/et_pb_column][\/et_pb_row][et_pb_row column_structure=&#8220;1_4,1_4,1_4,1_4&#8243; admin_label=&#8220;Logos Row&#8220; _builder_version=&#8220;3.25&#8243; locked=&#8220;off&#8220;][et_pb_column type=&#8220;1_4&#8243; _builder_version=&#8220;3.25&#8243; custom_padding=&#8220;|||&#8220; custom_padding__hover=&#8220;|||&#8220;][et_pb_image src=&#8220;https:\/\/sniford.cz\/wp-content\/uploads\/2019\/10\/chrysler.png&#8220; align_tablet=&#8220;center&#8220; align_phone=&#8220;&#8220; align_last_edited=&#8220;on|desktop&#8220; _builder_version=&#8220;4.0.3&#8243; animation_style=&#8220;zoom&#8220; animation_intensity_zoom=&#8220;10%&#8220;]<\/p>\n<p>[\/et_pb_image][\/et_pb_column][et_pb_column type=&#8220;1_4&#8243; _builder_version=&#8220;3.25&#8243; custom_padding=&#8220;|||&#8220; custom_padding__hover=&#8220;|||&#8220;][et_pb_image src=&#8220;https:\/\/sniford.cz\/wp-content\/uploads\/2019\/10\/dodge.png&#8220; align_tablet=&#8220;center&#8220; align_phone=&#8220;&#8220; align_last_edited=&#8220;on|desktop&#8220; _builder_version=&#8220;4.0.3&#8243; animation_style=&#8220;zoom&#8220; animation_intensity_zoom=&#8220;10%&#8220; locked=&#8220;off&#8220;]<\/p>\n<p>[\/et_pb_image][\/et_pb_column][et_pb_column type=&#8220;1_4&#8243; _builder_version=&#8220;3.25&#8243; custom_padding=&#8220;|||&#8220; custom_padding__hover=&#8220;|||&#8220;][et_pb_image src=&#8220;https:\/\/sniford.cz\/wp-content\/uploads\/2019\/10\/jeep.png&#8220; align_tablet=&#8220;center&#8220; align_phone=&#8220;&#8220; align_last_edited=&#8220;on|desktop&#8220; _builder_version=&#8220;4.0.3&#8243; animation_style=&#8220;zoom&#8220; animation_intensity_zoom=&#8220;10%&#8220; locked=&#8220;off&#8220;]<\/p>\n<p>[\/et_pb_image][\/et_pb_column][et_pb_column type=&#8220;1_4&#8243; _builder_version=&#8220;3.25&#8243; custom_padding=&#8220;|||&#8220; custom_padding__hover=&#8220;|||&#8220;][et_pb_image src=&#8220;https:\/\/sniford.cz\/wp-content\/uploads\/2019\/10\/mopar.png&#8220; align_tablet=&#8220;center&#8220; align_phone=&#8220;&#8220; align_last_edited=&#8220;on|desktop&#8220; _builder_version=&#8220;4.0.3&#8243; animation_style=&#8220;zoom&#8220; animation_intensity_zoom=&#8220;10%&#8220; locked=&#8220;off&#8220;]<\/p>\n<p>[\/et_pb_image][\/et_pb_column][\/et_pb_row][et_pb_row column_structure=&#8220;1_4,1_4,1_4,1_4&#8243; admin_label=&#8220;Logos Row&#8220; _builder_version=&#8220;3.25&#8243; locked=&#8220;off&#8220;][et_pb_column type=&#8220;1_4&#8243; _builder_version=&#8220;3.25&#8243; custom_padding=&#8220;|||&#8220; custom_padding__hover=&#8220;|||&#8220;][\/et_pb_column][et_pb_column type=&#8220;1_4&#8243; _builder_version=&#8220;3.25&#8243; custom_padding=&#8220;|||&#8220; custom_padding__hover=&#8220;|||&#8220;][et_pb_image src=&#8220;https:\/\/sniford.cz\/wp-content\/uploads\/2019\/10\/cadillac.png&#8220; align_tablet=&#8220;center&#8220; align_phone=&#8220;&#8220; align_last_edited=&#8220;on|desktop&#8220; disabled_on=&#8220;off|on|off&#8220; _builder_version=&#8220;4.0.3&#8243; animation_style=&#8220;zoom&#8220; animation_intensity_zoom=&#8220;10%&#8220; locked=&#8220;off&#8220;]<\/p>\n<p>[\/et_pb_image][\/et_pb_column][et_pb_column type=&#8220;1_4&#8243; _builder_version=&#8220;3.25&#8243; custom_padding=&#8220;|||&#8220; custom_padding__hover=&#8220;|||&#8220;][et_pb_image src=&#8220;https:\/\/sniford.cz\/wp-content\/uploads\/2021\/01\/logo-GMC-600&#215;180.png&#8220; align_tablet=&#8220;center&#8220; align_phone=&#8220;&#8220; align_last_edited=&#8220;on|desktop&#8220; disabled_on=&#8220;off|on|off&#8220; _builder_version=&#8220;4.0.3&#8243; animation_style=&#8220;zoom&#8220; animation_intensity_zoom=&#8220;10%&#8220; hover_enabled=&#8220;0&#8243; locked=&#8220;off&#8220;]<\/p>\n<p>[\/et_pb_image][\/et_pb_column][et_pb_column type=&#8220;1_4&#8243; _builder_version=&#8220;3.25&#8243; custom_padding=&#8220;|||&#8220; custom_padding__hover=&#8220;|||&#8220;][\/et_pb_column][\/et_pb_row][\/et_pb_section][et_pb_section fb_built=&#8220;1&#8243; prev_background_color=&#8220;#000000&#8243; admin_label=&#8220;Footer Section&#8220; _builder_version=&#8220;4.0.3&#8243; use_background_color_gradient=&#8220;on&#8220; background_color_gradient_start=&#8220;rgba(0,0,0,0.6)&#8220; background_color_gradient_end=&#8220;rgba(0,0,0,0.61)&#8220; background_color_gradient_overlays_image=&#8220;on&#8220; background_image=&#8220;https:\/\/sniford.cz\/wp-content\/uploads\/2019\/10\/kontakt-2.jpg&#8220; custom_margin=&#8220;|||&#8220; custom_padding=&#8220;8vw|0px|8vw|0px&#8220; top_divider_style=&#8220;mountains2&#8243; bottom_divider_color=&#8220;rgba(5,41,66,0.3)&#8220; bottom_divider_height=&#8220;50%&#8220; animation_style=&#8220;slide&#8220; animation_direction=&#8220;bottom&#8220; animation_intensity_slide=&#8220;6%&#8220; animation_starting_opacity=&#8220;100%&#8220; global_module=&#8220;162&#8243; saved_tabs=&#8220;all&#8220;][et_pb_row admin_label=&#8220;Footer Row&#8220; _builder_version=&#8220;3.25&#8243; custom_padding=&#8220;|||&#8220;][et_pb_column type=&#8220;4_4&#8243; _builder_version=&#8220;3.25&#8243; custom_padding=&#8220;|||&#8220; custom_padding__hover=&#8220;|||&#8220;][et_pb_text admin_label=&#8220;Title&#8220; _builder_version=&#8220;4.0.3&#8243; text_font=&#8220;Montserrat||||||||&#8220; text_text_color=&#8220;#a4bccb&#8220; text_font_size=&#8220;20px&#8220; text_line_height=&#8220;1.5em&#8220; header_font=&#8220;||||||||&#8220; header_2_font=&#8220;Montserrat||||||||&#8220; header_2_text_align=&#8220;center&#8220; header_2_line_height=&#8220;1.5em&#8220; header_3_font=&#8220;Montserrat|500|||||||&#8220; header_3_text_align=&#8220;center&#8220; header_3_font_size=&#8220;55px&#8220; header_3_line_height=&#8220;1.5em&#8220; text_orientation=&#8220;center&#8220; background_layout=&#8220;dark&#8220; max_width=&#8220;700px&#8220; module_alignment=&#8220;center&#8220; custom_margin=&#8220;||0px|&#8220; header_3_font_size_tablet=&#8220;40px&#8220; header_3_font_size_phone=&#8220;32px&#8220; header_3_font_size_last_edited=&#8220;on|phone&#8220;]<\/p>\n<h2>Z\u00f6gern Sie nicht und bestellen Sie<\/h2>\n<h3>Zufriedenheit garantiert<\/h3>\n<p>[\/et_pb_text][\/et_pb_column][\/et_pb_row][et_pb_row admin_label=&#8220;CTA Row&#8220; _builder_version=&#8220;3.25&#8243; custom_padding=&#8220;|||&#8220;][et_pb_column type=&#8220;4_4&#8243; _builder_version=&#8220;3.25&#8243; custom_padding=&#8220;|||&#8220; custom_padding__hover=&#8220;|||&#8220;][et_pb_button button_url=&#8220;@ET-DC@eyJkeW5hbWljIjp0cnVlLCJjb250ZW50IjoicG9zdF9saW5rX3VybF9wYWdlIiwic2V0dGluZ3MiOnsicG9zdF9pZCI6IjEwMyJ9fQ==@&#8220; button_text=&#8220;kontaktiere uns&#8220; button_alignment=&#8220;center&#8220; admin_label=&#8220;CTA Button&#8220; _builder_version=&#8220;4.0.3&#8243; _dynamic_attributes=&#8220;button_url&#8220; custom_button=&#8220;on&#8220; button_text_size=&#8220;14px&#8220; button_text_color=&#8220;#ffffff&#8220; button_bg_color=&#8220;#bf0000&#8243; button_border_width=&#8220;12px&#8220; button_border_color=&#8220;#bf0000&#8243; button_border_radius=&#8220;2px&#8220; button_letter_spacing=&#8220;0px&#8220; button_font=&#8220;Montserrat|700||on|||||&#8220; custom_margin=&#8220;30px|||&#8220; custom_padding=&#8220;|||&#8220; button_border_radius_hover=&#8220;4px&#8220; button_text_size__hover_enabled=&#8220;off&#8220; button_one_text_size__hover_enabled=&#8220;off&#8220; button_two_text_size__hover_enabled=&#8220;off&#8220; button_text_color__hover_enabled=&#8220;off&#8220; button_one_text_color__hover_enabled=&#8220;off&#8220; button_two_text_color__hover_enabled=&#8220;off&#8220; button_border_width__hover_enabled=&#8220;off&#8220; button_one_border_width__hover_enabled=&#8220;off&#8220; button_two_border_width__hover_enabled=&#8220;off&#8220; button_border_color__hover_enabled=&#8220;off&#8220; button_one_border_color__hover_enabled=&#8220;off&#8220; button_two_border_color__hover_enabled=&#8220;off&#8220; button_border_radius__hover_enabled=&#8220;on&#8220; button_border_radius__hover=&#8220;4px&#8220; button_one_border_radius__hover_enabled=&#8220;off&#8220; button_two_border_radius__hover_enabled=&#8220;off&#8220; button_letter_spacing__hover_enabled=&#8220;off&#8220; button_one_letter_spacing__hover_enabled=&#8220;off&#8220; button_two_letter_spacing__hover_enabled=&#8220;off&#8220; button_bg_color__hover_enabled=&#8220;off&#8220; button_one_bg_color__hover_enabled=&#8220;off&#8220; button_two_bg_color__hover_enabled=&#8220;off&#8220;][\/et_pb_button][\/et_pb_column][\/et_pb_row][\/et_pb_section]<\/p>\n","protected":false},"excerpt":{"rendered":"<p>ServiceSpezialist f\u00fcr Chrysler, Jeep, Dodge und mehr&#8230;Regelm\u00e4\u00dfiger Service und Garantieservice f\u00fcr amerikanische Autos. Vorbereitung und Bereitstellung von T\u00dcV und Emissionen, allgemeine Reparaturen aller Teile des Autos, Klempner- und Lackierarbeiten und vieles mehr. Kompletter Reifenservice, Reifenwechsel und Radauswuchten f\u00fcr Autos und SUVs aller Marken. Wir haben langj\u00e4hrige Erfahrung mit amerikanischen Autos und deren Service und sind [&hellip;]<\/p>\n","protected":false},"author":1,"featured_media":0,"parent":0,"menu_order":0,"comment_status":"closed","ping_status":"open","template":"","meta":{"_acf_changed":false,"_et_pb_use_builder":"on","_et_pb_old_content":"","_et_gb_content_width":"","inline_featured_image":false,"footnotes":""},"class_list":["post-3008","page","type-page","status-publish","hentry"],"acf":[],"_links":{"self":[{"href":"https:\/\/sniford.cz\/de\/wp-json\/wp\/v2\/pages\/3008","targetHints":{"allow":["GET"]}}],"collection":[{"href":"https:\/\/sniford.cz\/de\/wp-json\/wp\/v2\/pages"}],"about":[{"href":"https:\/\/sniford.cz\/de\/wp-json\/wp\/v2\/types\/page"}],"author":[{"embeddable":true,"href":"https:\/\/sniford.cz\/de\/wp-json\/wp\/v2\/users\/1"}],"replies":[{"embeddable":true,"href":"https:\/\/sniford.cz\/de\/wp-json\/wp\/v2\/comments?post=3008"}],"version-history":[{"count":0,"href":"https:\/\/sniford.cz\/de\/wp-json\/wp\/v2\/pages\/3008\/revisions"}],"wp:attachment":[{"href":"https:\/\/sniford.cz\/de\/wp-json\/wp\/v2\/media?parent=3008"}],"curies":[{"name":"wp","href":"https:\/\/api.w.org\/{rel}","templated":true}]}}