{"id":2987,"date":"2019-10-31T15:07:07","date_gmt":"2019-10-31T15:07:07","guid":{"rendered":"https:\/\/sniford.cz\/rebuilds-of-american-cars-sniford-hradec-kralove\/"},"modified":"2023-02-13T18:05:24","modified_gmt":"2023-02-13T18:05:24","slug":"rebuilds-of-american-cars-sniford-hradec-kralove","status":"publish","type":"page","link":"https:\/\/sniford.cz\/en\/rebuilds-of-american-cars-sniford-hradec-kralove\/","title":{"rendered":"Rebuilds of American cars-Sniford Hradec Kr\u00e1lov\u00e9"},"content":{"rendered":"<p>[et_pb_section fb_built=&#8221;1&#8243; disabled_on=&#8221;off|off|off&#8221; admin_label=&#8221;Header Section&#8221; _builder_version=&#8221;4.0.3&#8243; use_background_color_gradient=&#8221;on&#8221; background_color_gradient_start=&#8221;rgba(12,12,12,0.5)&#8221; background_color_gradient_end=&#8221;#000000&#8243; background_color_gradient_start_position=&#8221;60%&#8221; background_color_gradient_overlays_image=&#8221;on&#8221; background_image=&#8221;https:\/\/sniford.cz\/wp-content\/uploads\/2019\/10\/Jeep_Infidel_02.jpg&#8221; custom_margin=&#8221;|||&#8221; custom_padding=&#8221;2vw|0px|2vw|0px|true|false&#8221; bottom_divider_color=&#8221;rgba(45,45,45,0.3)&#8221; bottom_divider_height=&#8221;14%&#8221; animation_style=&#8221;slide&#8221; animation_direction=&#8221;top&#8221; animation_intensity_slide=&#8221;4%&#8221; animation_starting_opacity=&#8221;100%&#8221;][et_pb_row disabled_on=&#8221;off|off|off&#8221; admin_label=&#8221;Header Row&#8221; module_class=&#8221; et_pb_row_fullwidth&#8221; _builder_version=&#8221;3.25&#8243; width=&#8221;89%&#8221; width_tablet=&#8221;80%&#8221; width_phone=&#8221;&#8221; width_last_edited=&#8221;on|desktop&#8221; max_width=&#8221;89%&#8221; max_width_tablet=&#8221;80%&#8221; max_width_phone=&#8221;&#8221; max_width_last_edited=&#8221;on|desktop&#8221; custom_padding=&#8221;|||&#8221; animation_style=&#8221;zoom&#8221; animation_intensity_zoom=&#8221;8%&#8221; make_fullwidth=&#8221;on&#8221;][et_pb_column type=&#8221;4_4&#8243; _builder_version=&#8221;3.25&#8243; custom_padding=&#8221;|||&#8221; custom_padding__hover=&#8221;|||&#8221;][et_pb_text admin_label=&#8221;Page Heading &#038; Subhead&#8221; _builder_version=&#8221;4.0.3&#8243; text_font=&#8221;Montserrat||||||||&#8221; text_font_size=&#8221;22px&#8221; text_line_height=&#8221;1.8em&#8221; header_font=&#8221;americorps|||on|||||&#8221; header_text_align=&#8221;center&#8221; header_font_size=&#8221;4vw&#8221; header_line_height=&#8221;1.5em&#8221; text_orientation=&#8221;center&#8221; background_layout=&#8221;dark&#8221; custom_margin=&#8221;|||&#8221; header_font_size_tablet=&#8221;50px&#8221; header_font_size_phone=&#8221;&#8221; header_font_size_last_edited=&#8221;on|desktop&#8221; header_line_height_tablet=&#8221;1.1em&#8221; header_line_height_phone=&#8221;1.2em&#8221; header_line_height_last_edited=&#8221;off|desktop&#8221; text_text_shadow_style=&#8221;preset1&#8243; header_text_shadow_style=&#8221;preset1&#8243; header_text_shadow_color=&#8221;#000000&#8243;]<\/p>\n<h1>rebuilds<\/h1>\n<p>[\/et_pb_text][\/et_pb_column][\/et_pb_row][\/et_pb_section][et_pb_section fb_built=&#8221;1&#8243; admin_label=&#8221;CTA Section&#8221; _builder_version=&#8221;4.0.3&#8243; background_color=&#8221;#000000&#8243; background_color_gradient_direction=&#8221;90deg&#8221; custom_padding=&#8221;120px|0px|90px|0px||&#8221; bottom_divider_color=&#8221;rgba(128,128,128,0.4)&#8221; animation_style=&#8221;slide&#8221; animation_direction=&#8221;right&#8221; animation_intensity_slide=&#8221;1%&#8221; saved_tabs=&#8221;all&#8221;][et_pb_row column_structure=&#8221;3_5,2_5&#8243; use_custom_gutter=&#8221;on&#8221; custom_padding_last_edited=&#8221;off|desktop&#8221; admin_label=&#8221;CTA Row&#8221; _builder_version=&#8221;4.0.3&#8243; background_enable_color=&#8221;off&#8221; background_color_gradient_direction=&#8221;90deg&#8221; width=&#8221;100%&#8221; max_width=&#8221;100%&#8221; module_alignment=&#8221;center&#8221; custom_padding=&#8221;0px||0px|||&#8221; custom_padding_tablet=&#8221;120px|||&#8221; custom_padding_phone=&#8221;120px|0px|0px|0px&#8221; use_custom_width=&#8221;on&#8221; width_unit=&#8221;off&#8221; custom_width_percent=&#8221;100%&#8221;][et_pb_column type=&#8221;3_5&#8243; _builder_version=&#8221;4.0.3&#8243; background_enable_color=&#8221;off&#8221; custom_padding=&#8221;80px|||12%&#8221; custom_padding_tablet=&#8221;|10%||10%&#8221; custom_padding_phone=&#8221;&#8221; custom_padding_last_edited=&#8221;on|tablet&#8221; custom_padding__hover=&#8221;|||&#8221;][et_pb_image src=&#8221;https:\/\/sniford.cz\/wp-content\/uploads\/2019\/10\/jeep.jpg&#8221; disabled_on=&#8221;off|off|on&#8221; _builder_version=&#8221;4.0.3&#8243; width=&#8221;80%&#8221; module_alignment=&#8221;center&#8221;][\/et_pb_image][et_pb_text _builder_version=&#8221;4.0.3&#8243; text_font=&#8221;||||||||&#8221; header_font=&#8221;||||||||&#8221; header_2_font=&#8221;Montserrat||||||||&#8221; header_2_text_color=&#8221;#ffffff&#8221; header_2_font_size=&#8221;40px&#8221; header_2_line_height=&#8221;1.5em&#8221; max_width=&#8221;800px&#8221; custom_margin=&#8221;||20px|&#8221; custom_padding=&#8221;|||&#8221; custom_padding_tablet=&#8221;0px|10%||70px&#8221; custom_padding_phone=&#8221;0px|10%||50px&#8221; custom_padding_last_edited=&#8221;off|desktop&#8221; header_2_font_size_tablet=&#8221;35px&#8221; header_2_font_size_phone=&#8221;35px&#8221; header_2_font_size_last_edited=&#8221;on|phone&#8221; header_2_line_height_tablet=&#8221;1em&#8221; header_2_line_height_phone=&#8221;1.4em&#8221; header_2_line_height_last_edited=&#8221;off|desktop&#8221;]<\/p>\n<h2>Rebuilds of the Jeep Wrangler legend<\/h2>\n<p>[\/et_pb_text][et_pb_text _builder_version=&#8221;4.0.3&#8243; text_font=&#8221;Montserrat||||||||&#8221; text_text_color=&#8221;#ffffff&#8221; text_font_size=&#8221;16px&#8221; text_line_height=&#8221;2.2em&#8221; header_font=&#8221;||||||||&#8221; header_2_font=&#8221;Montserrat||||||||&#8221; header_2_text_color=&#8221;#21323d&#8221; header_2_font_size=&#8221;40px&#8221; max_width=&#8221;800px&#8221; custom_margin=&#8221;|||&#8221; custom_padding=&#8221;|||&#8221; custom_padding_tablet=&#8221;|100px||70px&#8221; custom_padding_phone=&#8221;|||50px&#8221; custom_padding_last_edited=&#8221;off|desktop&#8221; text_line_height_last_edited=&#8221;off|desktop&#8221;]<\/p>\n<p>Custom rebuilds of the off-road legend. Chassis lifting, strength bumpers, assembly of kits and winches. <\/p>\n<p>For our clients, we are able to rebuild the Jeep Wrangler exactly according to their ideas. We will agree with the client what the conversion of the car will be used for and prepare a detailed plan and possibility of conversion, whether it is rock-crawling, challenging off-road or &#8220;just&#8221; a visual presentation. Every conversion is original.  <\/p>\n<p>[\/et_pb_text][\/et_pb_column][et_pb_column type=&#8221;2_5&#8243; _builder_version=&#8221;4.0.3&#8243; background_enable_color=&#8221;off&#8221; custom_padding=&#8221;|||&#8221; custom_padding__hover=&#8221;|||&#8221;][et_pb_image src=&#8221;https:\/\/sniford.cz\/wp-content\/uploads\/2019\/10\/jeep.jpg&#8221; align=&#8221;right&#8221; align_tablet=&#8221;center&#8221; align_phone=&#8221;&#8221; align_last_edited=&#8221;on|desktop&#8221; disabled_on=&#8221;on|on|off&#8221; _builder_version=&#8221;4.0.3&#8243; background_color=&#8221;#000000&#8243; background_size=&#8221;contain&#8221; background_position=&#8221;center_right&#8221; width=&#8221;100%&#8221; module_alignment=&#8221;right&#8221; custom_margin=&#8221;|||&#8221; custom_margin_tablet=&#8221;|60px||60px&#8221; custom_margin_phone=&#8221;100px|||&#8221; custom_margin_last_edited=&#8221;on|tablet&#8221; custom_padding=&#8221;|||&#8221; animation_style=&#8221;fade&#8221; box_shadow_style=&#8221;preset3&#8243; box_shadow_horizontal=&#8221;-40px&#8221; box_shadow_vertical=&#8221;40px&#8221; box_shadow_blur=&#8221;120px&#8221; box_shadow_spread=&#8221;-24px&#8221; box_shadow_color=&#8221;rgba(91,91,91,0.4)&#8221;][\/et_pb_image][\/et_pb_column][\/et_pb_row][\/et_pb_section][et_pb_section fb_built=&#8221;1&#8243; admin_label=&#8221;Pricing Section&#8221; _builder_version=&#8221;4.0.3&#8243; background_color=&#8221;#000000&#8243; custom_padding=&#8221;50px|0px|50px|0px|true|false&#8221; global_module=&#8221;323&#8243;][et_pb_row column_structure=&#8221;1_2,1_2&#8243; custom_padding_last_edited=&#8221;off|desktop&#8221; _builder_version=&#8221;4.0.3&#8243; custom_margin=&#8221;|||&#8221; custom_padding=&#8221;|||&#8221; custom_padding_phone=&#8221;|||&#8221; locked=&#8221;off&#8221;][et_pb_column type=&#8221;1_2&#8243; _builder_version=&#8221;3.25&#8243; custom_padding=&#8221;|||&#8221; custom_padding__hover=&#8221;|||&#8221;][dsm_embed_google_map address=&#8221;Sniford  &#8221; zoom=&#8221;12&#8243; height=&#8221;300px&#8221; _builder_version=&#8221;4.0.3&#8243; custom_margin=&#8221;0px||0px||true|false&#8221; custom_padding=&#8221;0px||0px|0px|true|false&#8221; link_option_url=&#8221;https:\/\/goo.gl\/maps\/SE8Qf8W2HHNYH7x59&#8243; link_option_url_new_window=&#8221;on&#8221;][\/dsm_embed_google_map][\/et_pb_column][et_pb_column type=&#8221;1_2&#8243; _builder_version=&#8221;3.25&#8243; custom_padding=&#8221;|||&#8221; custom_padding__hover=&#8221;|||&#8221;][et_pb_text admin_label=&#8221;Title&#8221; _builder_version=&#8221;4.0.3&#8243; text_font=&#8221;||||||||&#8221; header_font=&#8221;||||||||&#8221; header_2_font=&#8221;Montserrat||||||||&#8221; header_2_text_color=&#8221;#ffffff&#8221; header_2_font_size=&#8221;35px&#8221; header_2_line_height=&#8221;1.5em&#8221; min_height=&#8221;48px&#8221; custom_margin=&#8221;||0px||false|false&#8221; custom_padding=&#8221;||0px||false|false&#8221; header_2_text_align_tablet=&#8221;center&#8221; header_2_text_align_phone=&#8221;center&#8221; header_2_text_align_last_edited=&#8221;on|phone&#8221; header_2_font_size_tablet=&#8221;35px&#8221; header_2_font_size_phone=&#8221;35px&#8221; header_2_font_size_last_edited=&#8221;on|phone&#8221; header_2_line_height_tablet=&#8221;1em&#8221; header_2_line_height_phone=&#8221;1.4em&#8221; header_2_line_height_last_edited=&#8221;off|desktop&#8221;]<\/p>\n<h2>Where are we<\/h2>\n<p>[\/et_pb_text][et_pb_text admin_label=&#8221;Paragraph&#8221; _builder_version=&#8221;4.0.3&#8243; text_font=&#8221;Montserrat||||||||&#8221; text_text_color=&#8221;#ffffff&#8221; text_font_size=&#8221;16px&#8221; text_line_height=&#8221;2.2em&#8221; header_font=&#8221;||||||||&#8221; header_4_text_color=&#8221;#ffffff&#8221; header_4_font_size=&#8221;20px&#8221; custom_margin=&#8221;|||&#8221; text_orientation_tablet=&#8221;center&#8221; text_orientation_phone=&#8221;&#8221; text_orientation_last_edited=&#8221;on|phone&#8221;]<\/p>\n<h4><strong>V\u00e1\u017en\u00ed 1138<\/strong><\/h4>\n<p>Slezsk\u00e9 P\u0159edm\u011bst\u00ed<br \/> 500 03 Hradec Kr\u00e1lov\u00e9<\/p>\n<p>[\/et_pb_text][\/et_pb_column][\/et_pb_row][\/et_pb_section][et_pb_section fb_built=&#8221;1&#8243; _builder_version=&#8221;4.0.3&#8243; background_color=&#8221;#000000&#8243; custom_padding=&#8221;|0px|120px|0px&#8221;][et_pb_row _builder_version=&#8221;3.25&#8243;][et_pb_column type=&#8221;4_4&#8243; _builder_version=&#8221;3.25&#8243; custom_padding=&#8221;|||&#8221; custom_padding__hover=&#8221;|||&#8221;][et_pb_text admin_label=&#8221;Section Title&#8221; _builder_version=&#8221;4.0.3&#8243; text_font=&#8221;Montserrat||||||||&#8221; text_font_size=&#8221;18px&#8221; header_font=&#8221;||||||||&#8221; header_line_height=&#8221;1.4em&#8221; header_2_font=&#8221;Montserrat||||||||&#8221; header_2_text_align=&#8221;center&#8221; header_2_text_color=&#8221;#ffffff&#8221; header_2_font_size=&#8221;40px&#8221; header_2_line_height=&#8221;1.5em&#8221; text_orientation=&#8221;center&#8221; custom_margin=&#8221;|||&#8221; custom_padding=&#8221;|||&#8221; text_font_size_tablet=&#8221;16px&#8221; text_font_size_phone=&#8221;16px&#8221; text_font_size_last_edited=&#8221;on|desktop&#8221; locked=&#8221;off&#8221;]<\/p>\n<h2>Sample of our work<\/h2>\n<p>[\/et_pb_text][\/et_pb_column][\/et_pb_row][et_pb_row column_structure=&#8221;1_3,1_3,1_3&#8243; admin_label=&#8221;Logos Row&#8221; _builder_version=&#8221;3.25&#8243; locked=&#8221;off&#8221;][et_pb_column type=&#8221;1_3&#8243; _builder_version=&#8221;3.25&#8243; custom_padding=&#8221;|||&#8221; custom_padding__hover=&#8221;|||&#8221;][et_pb_image src=&#8221;https:\/\/sniford.cz\/wp-content\/uploads\/2019\/10\/1.jpg&#8221; align_tablet=&#8221;center&#8221; align_phone=&#8221;&#8221; align_last_edited=&#8221;on|desktop&#8221; _builder_version=&#8221;4.0.3&#8243; animation_style=&#8221;zoom&#8221; animation_intensity_zoom=&#8221;10%&#8221;]<\/p>\n<p>[\/et_pb_image][\/et_pb_column][et_pb_column type=&#8221;1_3&#8243; _builder_version=&#8221;3.25&#8243; custom_padding=&#8221;|||&#8221; custom_padding__hover=&#8221;|||&#8221;][et_pb_image src=&#8221;https:\/\/sniford.cz\/wp-content\/uploads\/2019\/10\/2.jpg&#8221; align_tablet=&#8221;center&#8221; align_phone=&#8221;&#8221; align_last_edited=&#8221;on|desktop&#8221; _builder_version=&#8221;4.0.3&#8243; animation_style=&#8221;zoom&#8221; animation_intensity_zoom=&#8221;10%&#8221; locked=&#8221;off&#8221;]<\/p>\n<p>[\/et_pb_image][\/et_pb_column][et_pb_column type=&#8221;1_3&#8243; _builder_version=&#8221;3.25&#8243; custom_padding=&#8221;|||&#8221; custom_padding__hover=&#8221;|||&#8221;][et_pb_image src=&#8221;https:\/\/sniford.cz\/wp-content\/uploads\/2019\/10\/3.jpg&#8221; align_tablet=&#8221;center&#8221; align_phone=&#8221;&#8221; align_last_edited=&#8221;on|desktop&#8221; _builder_version=&#8221;4.0.3&#8243; animation_style=&#8221;zoom&#8221; animation_intensity_zoom=&#8221;10%&#8221; locked=&#8221;off&#8221;]<\/p>\n<p>[\/et_pb_image][\/et_pb_column][\/et_pb_row][et_pb_row column_structure=&#8221;1_3,1_3,1_3&#8243; admin_label=&#8221;Logos Row&#8221; _builder_version=&#8221;3.25&#8243; locked=&#8221;off&#8221;][et_pb_column type=&#8221;1_3&#8243; _builder_version=&#8221;3.25&#8243; custom_padding=&#8221;|||&#8221; custom_padding__hover=&#8221;|||&#8221;][et_pb_image src=&#8221;https:\/\/sniford.cz\/wp-content\/uploads\/2019\/10\/4.jpg&#8221; align_tablet=&#8221;center&#8221; align_phone=&#8221;&#8221; align_last_edited=&#8221;on|desktop&#8221; _builder_version=&#8221;4.0.3&#8243; animation_style=&#8221;zoom&#8221; animation_intensity_zoom=&#8221;10%&#8221;]<\/p>\n<p>[\/et_pb_image][\/et_pb_column][et_pb_column type=&#8221;1_3&#8243; _builder_version=&#8221;3.25&#8243; custom_padding=&#8221;|||&#8221; custom_padding__hover=&#8221;|||&#8221;][et_pb_image src=&#8221;https:\/\/sniford.cz\/wp-content\/uploads\/2019\/10\/5.jpg&#8221; align_tablet=&#8221;center&#8221; align_phone=&#8221;&#8221; align_last_edited=&#8221;on|desktop&#8221; _builder_version=&#8221;4.0.3&#8243; animation_style=&#8221;zoom&#8221; animation_intensity_zoom=&#8221;10%&#8221; locked=&#8221;off&#8221;]<\/p>\n<p>[\/et_pb_image][\/et_pb_column][et_pb_column type=&#8221;1_3&#8243; _builder_version=&#8221;3.25&#8243; custom_padding=&#8221;|||&#8221; custom_padding__hover=&#8221;|||&#8221;][et_pb_image src=&#8221;https:\/\/sniford.cz\/wp-content\/uploads\/2019\/10\/6.jpg&#8221; align_tablet=&#8221;center&#8221; align_phone=&#8221;&#8221; align_last_edited=&#8221;on|desktop&#8221; _builder_version=&#8221;4.0.3&#8243; animation_style=&#8221;zoom&#8221; animation_intensity_zoom=&#8221;10%&#8221; locked=&#8221;off&#8221;]<\/p>\n<p>[\/et_pb_image][\/et_pb_column][\/et_pb_row][\/et_pb_section][et_pb_section fb_built=&#8221;1&#8243; prev_background_color=&#8221;#000000&#8243; admin_label=&#8221;Footer Section&#8221; _builder_version=&#8221;4.0.3&#8243; use_background_color_gradient=&#8221;on&#8221; background_color_gradient_start=&#8221;rgba(0,0,0,0.6)&#8221; background_color_gradient_end=&#8221;rgba(0,0,0,0.61)&#8221; background_color_gradient_overlays_image=&#8221;on&#8221; background_image=&#8221;https:\/\/sniford.cz\/wp-content\/uploads\/2019\/10\/kontakt-2.jpg&#8221; custom_margin=&#8221;|||&#8221; custom_padding=&#8221;8vw|0px|8vw|0px&#8221; top_divider_style=&#8221;mountains2&#8243; bottom_divider_color=&#8221;rgba(5,41,66,0.3)&#8221; bottom_divider_height=&#8221;50%&#8221; animation_style=&#8221;slide&#8221; animation_direction=&#8221;bottom&#8221; animation_intensity_slide=&#8221;6%&#8221; animation_starting_opacity=&#8221;100%&#8221; global_module=&#8221;162&#8243; saved_tabs=&#8221;all&#8221;][et_pb_row admin_label=&#8221;Footer Row&#8221; _builder_version=&#8221;3.25&#8243; custom_padding=&#8221;|||&#8221;][et_pb_column type=&#8221;4_4&#8243; _builder_version=&#8221;3.25&#8243; custom_padding=&#8221;|||&#8221; custom_padding__hover=&#8221;|||&#8221;][et_pb_text admin_label=&#8221;Title&#8221; _builder_version=&#8221;4.0.3&#8243; text_font=&#8221;Montserrat||||||||&#8221; text_text_color=&#8221;#a4bccb&#8221; text_font_size=&#8221;20px&#8221; text_line_height=&#8221;1.5em&#8221; header_font=&#8221;||||||||&#8221; header_2_font=&#8221;Montserrat||||||||&#8221; header_2_text_align=&#8221;center&#8221; header_2_line_height=&#8221;1.5em&#8221; header_3_font=&#8221;Montserrat|500|||||||&#8221; header_3_text_align=&#8221;center&#8221; header_3_font_size=&#8221;55px&#8221; header_3_line_height=&#8221;1.5em&#8221; text_orientation=&#8221;center&#8221; background_layout=&#8221;dark&#8221; max_width=&#8221;700px&#8221; module_alignment=&#8221;center&#8221; custom_margin=&#8221;||0px|&#8221; header_3_font_size_tablet=&#8221;60px&#8221; header_3_font_size_phone=&#8221;52px&#8221; header_3_font_size_last_edited=&#8221;on|tablet&#8221;]<\/p>\n<h2>Do not hesitate and order<\/h2>\n<h3>Satisfaction guaranteed<\/h3>\n<p>[\/et_pb_text][\/et_pb_column][\/et_pb_row][et_pb_row admin_label=&#8221;CTA Row&#8221; _builder_version=&#8221;3.25&#8243; custom_padding=&#8221;|||&#8221;][et_pb_column type=&#8221;4_4&#8243; _builder_version=&#8221;3.25&#8243; custom_padding=&#8221;|||&#8221; custom_padding__hover=&#8221;|||&#8221;][et_pb_button button_url=&#8221;@ET-DC@eyJkeW5hbWljIjp0cnVlLCJjb250ZW50IjoicG9zdF9saW5rX3VybF9wYWdlIiwic2V0dGluZ3MiOnsicG9zdF9pZCI6IjEwMyJ9fQ==@&#8221; button_text=&#8221;contact us&#8221; button_alignment=&#8221;center&#8221; admin_label=&#8221;CTA Button&#8221; _builder_version=&#8221;4.0.3&#8243; _dynamic_attributes=&#8221;button_url&#8221; custom_button=&#8221;on&#8221; button_text_size=&#8221;14px&#8221; button_text_color=&#8221;#ffffff&#8221; button_bg_color=&#8221;#bf0000&#8243; button_border_width=&#8221;12px&#8221; button_border_color=&#8221;#bf0000&#8243; button_border_radius=&#8221;2px&#8221; button_letter_spacing=&#8221;0px&#8221; button_font=&#8221;Montserrat|700||on|||||&#8221; custom_margin=&#8221;30px|||&#8221; custom_padding=&#8221;|||&#8221; button_border_radius_hover=&#8221;4px&#8221; button_text_size__hover_enabled=&#8221;off&#8221; button_one_text_size__hover_enabled=&#8221;off&#8221; button_two_text_size__hover_enabled=&#8221;off&#8221; button_text_color__hover_enabled=&#8221;off&#8221; button_one_text_color__hover_enabled=&#8221;off&#8221; button_two_text_color__hover_enabled=&#8221;off&#8221; button_border_width__hover_enabled=&#8221;off&#8221; button_one_border_width__hover_enabled=&#8221;off&#8221; button_two_border_width__hover_enabled=&#8221;off&#8221; button_border_color__hover_enabled=&#8221;off&#8221; button_one_border_color__hover_enabled=&#8221;off&#8221; button_two_border_color__hover_enabled=&#8221;off&#8221; button_border_radius__hover_enabled=&#8221;on&#8221; button_border_radius__hover=&#8221;4px&#8221; button_one_border_radius__hover_enabled=&#8221;off&#8221; button_two_border_radius__hover_enabled=&#8221;off&#8221; button_letter_spacing__hover_enabled=&#8221;off&#8221; button_one_letter_spacing__hover_enabled=&#8221;off&#8221; button_two_letter_spacing__hover_enabled=&#8221;off&#8221; button_bg_color__hover_enabled=&#8221;off&#8221; button_one_bg_color__hover_enabled=&#8221;off&#8221; button_two_bg_color__hover_enabled=&#8221;off&#8221;][\/et_pb_button][\/et_pb_column][\/et_pb_row][\/et_pb_section]<\/p>\n","protected":false},"excerpt":{"rendered":"<p>rebuildsRebuilds of the Jeep Wrangler legendCustom rebuilds of the off-road legend. Chassis lifting, strength bumpers, assembly of kits and winches. For our clients, we are able to rebuild the Jeep Wrangler exactly according to their ideas. We will agree with the client what the conversion of the car will be used for and prepare a [&hellip;]<\/p>\n","protected":false},"author":1,"featured_media":0,"parent":0,"menu_order":0,"comment_status":"closed","ping_status":"open","template":"","meta":{"_acf_changed":false,"_et_pb_use_builder":"on","_et_pb_old_content":"","_et_gb_content_width":"","inline_featured_image":false,"footnotes":""},"class_list":["post-2987","page","type-page","status-publish","hentry"],"acf":[],"_links":{"self":[{"href":"https:\/\/sniford.cz\/en\/wp-json\/wp\/v2\/pages\/2987","targetHints":{"allow":["GET"]}}],"collection":[{"href":"https:\/\/sniford.cz\/en\/wp-json\/wp\/v2\/pages"}],"about":[{"href":"https:\/\/sniford.cz\/en\/wp-json\/wp\/v2\/types\/page"}],"author":[{"embeddable":true,"href":"https:\/\/sniford.cz\/en\/wp-json\/wp\/v2\/users\/1"}],"replies":[{"embeddable":true,"href":"https:\/\/sniford.cz\/en\/wp-json\/wp\/v2\/comments?post=2987"}],"version-history":[{"count":0,"href":"https:\/\/sniford.cz\/en\/wp-json\/wp\/v2\/pages\/2987\/revisions"}],"wp:attachment":[{"href":"https:\/\/sniford.cz\/en\/wp-json\/wp\/v2\/media?parent=2987"}],"curies":[{"name":"wp","href":"https:\/\/api.w.org\/{rel}","templated":true}]}}